{"id":692,"date":"2022-05-27T14:23:30","date_gmt":"2022-05-27T14:23:30","guid":{"rendered":"https:\/\/www.ermizio.pt\/?page_id=692"},"modified":"2022-05-29T22:43:59","modified_gmt":"2022-05-29T22:43:59","slug":"vinhas-castas","status":"publish","type":"page","link":"https:\/\/www.ermizio.pt\/index.php\/vinhas-castas\/","title":{"rendered":"Vinhas &#038; Castas"},"content":{"rendered":"<p><div class=\"fusion-fullwidth fullwidth-box fusion-builder-row-1 fusion-flex-container nonhundred-percent-fullwidth non-hundred-percent-height-scrolling\" style=\"background-color: rgba(255,255,255,0);background-position: center center;background-repeat: no-repeat;border-width: 0px 0px 0px 0px;border-color:var(--awb-color3);border-style:solid;\" ><div class=\"fusion-builder-row fusion-row fusion-flex-align-items-flex-start\" style=\"max-width:1248px;margin-left: calc(-4% \/ 2 );margin-right: calc(-4% \/ 2 );\"><div class=\"fusion-layout-column fusion_builder_column fusion-builder-column-0 fusion_builder_column_1_1 1_1 fusion-flex-column\"><div class=\"fusion-column-wrapper fusion-flex-justify-content-flex-start fusion-content-layout-column\" style=\"background-position:left top;background-repeat:no-repeat;-webkit-background-size:cover;-moz-background-size:cover;-o-background-size:cover;background-size:cover;padding: 0px 0px 0px 0px;\"><div class=\"fusion-text fusion-text-1\"><h3>Vinhas e Castas<\/h3>\n<p>A Quinta tem 15 hectares de vinha geometricamente alinhada, onde as parcelas est\u00e3o organizadas por castas e as diferen\u00e7as de solo e exposi\u00e7\u00e3o d\u00e3o origem a nichos ecol\u00f3gicos prop\u00edcios \u00e0 produ\u00e7\u00e3o de excelentes uvas.<br \/>\nAs principais castas s\u00e3o Alvarinho, Loureiro e Trajadura. Estas castas est\u00e3o plantadas em diferentes locais de forma a conseguir-se uma boa adapta\u00e7\u00e3o \u00e0s condi\u00e7\u00f5es do solo e de exposi\u00e7\u00e3o. O sistema de condu\u00e7\u00e3o em cord\u00e3o simples, com vegeta\u00e7\u00e3o retumbante, reduz o vigor das videiras e protege os cachos da excessiva exposi\u00e7\u00e3o ao sol.<\/p>\n<\/div><\/div><style type=\"text\/css\">.fusion-body .fusion-builder-column-0{width:100% !important;margin-top : 0px;margin-bottom : 20px;}.fusion-builder-column-0 > .fusion-column-wrapper {padding-top : 0px !important;padding-right : 0px !important;margin-right : 1.92%;padding-bottom : 0px !important;padding-left : 0px !important;margin-left : 1.92%;}@media only screen and (max-width:1024px) {.fusion-body .fusion-builder-column-0{width:100% !important;order : 0;}.fusion-builder-column-0 > .fusion-column-wrapper {margin-right : 1.92%;margin-left : 1.92%;}}@media only screen and (max-width:640px) {.fusion-body .fusion-builder-column-0{width:100% !important;order : 0;}.fusion-builder-column-0 > .fusion-column-wrapper {margin-right : 1.92%;margin-left : 1.92%;}}<\/style><\/div><\/div><style type=\"text\/css\">.fusion-body .fusion-flex-container.fusion-builder-row-1{ padding-top : 0px;margin-top : 0px;padding-right : 0px;padding-bottom : 0px;margin-bottom : 0px;padding-left : 0px;}<\/style><\/div><div class=\"fusion-fullwidth fullwidth-box fusion-builder-row-2 fusion-flex-container nonhundred-percent-fullwidth non-hundred-percent-height-scrolling\" style=\"background-color: rgba(255,255,255,0);background-position: center center;background-repeat: no-repeat;border-width: 0px 0px 0px 0px;border-color:var(--awb-color3);border-style:solid;\" ><div class=\"fusion-builder-row fusion-row fusion-flex-align-items-flex-start\" style=\"max-width:1248px;margin-left: calc(-4% \/ 2 );margin-right: calc(-4% \/ 2 );\"><div class=\"fusion-layout-column fusion_builder_column fusion-builder-column-1 fusion_builder_column_1_2 1_2 fusion-flex-column\"><div class=\"fusion-column-wrapper fusion-flex-justify-content-flex-start fusion-content-layout-column\" style=\"background-position:left top;background-repeat:no-repeat;-webkit-background-size:cover;-moz-background-size:cover;-o-background-size:cover;background-size:cover;padding: 0px 0px 0px 0px;\"><div ><span class=\" fusion-imageframe imageframe-none imageframe-1 hover-type-none\"><img decoding=\"async\" width=\"974\" height=\"768\" title=\"Vinhas 1a\" src=\"http:\/\/www.ermizio.pt\/wp-content\/uploads\/2016\/09\/Vinhas-1a.jpg\" alt class=\"img-responsive wp-image-208\" srcset=\"https:\/\/www.ermizio.pt\/wp-content\/uploads\/2016\/09\/Vinhas-1a-63x50.jpg 63w, https:\/\/www.ermizio.pt\/wp-content\/uploads\/2016\/09\/Vinhas-1a-300x237.jpg 300w, https:\/\/www.ermizio.pt\/wp-content\/uploads\/2016\/09\/Vinhas-1a-650x513.jpg 650w, https:\/\/www.ermizio.pt\/wp-content\/uploads\/2016\/09\/Vinhas-1a-768x606.jpg 768w, https:\/\/www.ermizio.pt\/wp-content\/uploads\/2016\/09\/Vinhas-1a.jpg 974w\" sizes=\"(max-width: 974px) 100vw, 974px\" \/><\/span><\/div><div class=\"fusion-separator fusion-full-width-sep\" style=\"align-self: center;margin-left: auto;margin-right: auto;width:100%;\"><div class=\"fusion-separator-border sep-double\" style=\"border-color:var(--awb-color3);border-top-width:1px;border-bottom-width:1px;\"><\/div><\/div><div ><span class=\" fusion-imageframe imageframe-none imageframe-2 hover-type-none\"><img decoding=\"async\" width=\"891\" height=\"695\" title=\"Vinhas 1b\" src=\"http:\/\/www.ermizio.pt\/wp-content\/uploads\/2016\/09\/Vinhas-1b.jpg\" alt class=\"img-responsive wp-image-209\" srcset=\"https:\/\/www.ermizio.pt\/wp-content\/uploads\/2016\/09\/Vinhas-1b-64x50.jpg 64w, https:\/\/www.ermizio.pt\/wp-content\/uploads\/2016\/09\/Vinhas-1b-300x234.jpg 300w, https:\/\/www.ermizio.pt\/wp-content\/uploads\/2016\/09\/Vinhas-1b-650x507.jpg 650w, https:\/\/www.ermizio.pt\/wp-content\/uploads\/2016\/09\/Vinhas-1b-768x599.jpg 768w, https:\/\/www.ermizio.pt\/wp-content\/uploads\/2016\/09\/Vinhas-1b.jpg 891w\" sizes=\"(max-width: 891px) 100vw, 891px\" \/><\/span><\/div><\/div><style type=\"text\/css\">.fusion-body .fusion-builder-column-1{width:50% !important;margin-top : 0px;margin-bottom : 20px;}.fusion-builder-column-1 > .fusion-column-wrapper {padding-top : 0px !important;padding-right : 0px !important;margin-right : 3.84%;padding-bottom : 0px !important;padding-left : 0px !important;margin-left : 3.84%;}@media only screen and (max-width:1024px) {.fusion-body .fusion-builder-column-1{width:50% !important;order : 0;}.fusion-builder-column-1 > .fusion-column-wrapper {margin-right : 3.84%;margin-left : 3.84%;}}@media only screen and (max-width:640px) {.fusion-body .fusion-builder-column-1{width:100% !important;order : 0;}.fusion-builder-column-1 > .fusion-column-wrapper {margin-right : 1.92%;margin-left : 1.92%;}}<\/style><\/div><div class=\"fusion-layout-column fusion_builder_column fusion-builder-column-2 fusion_builder_column_1_2 1_2 fusion-flex-column\"><div class=\"fusion-column-wrapper fusion-flex-justify-content-flex-start fusion-content-layout-column\" style=\"background-position:left top;background-repeat:no-repeat;-webkit-background-size:cover;-moz-background-size:cover;-o-background-size:cover;background-size:cover;padding: 0px 0px 0px 0px;\"><div class=\"fusion-text fusion-text-2\"><h3>Cultivo da vinha<\/h3>\n<p>O solo das vinhas n\u00e3o \u00e9 mobilizado para permitir a reciclagem dos nutrientes deixados pela decomposi\u00e7\u00e3o das folhas, lenha da poda e vegeta\u00e7\u00e3o espont\u00e2nea e aumentar a estabilidade da mat\u00e9ria org\u00e2nica do solo.<\/p>\n<p>Aplicam-se as normas da prote\u00e7\u00e3o integrada contra pragas e doen\u00e7as, recorrendo sempre que poss\u00edvel \u00e0 luta biol\u00f3gica, reduzindo a aplica\u00e7\u00e3o de fitoqu\u00edmicos e melhorando o equil\u00edbrio ecossistema.<\/p>\n<\/div><\/div><style type=\"text\/css\">.fusion-body .fusion-builder-column-2{width:50% !important;margin-top : 0px;margin-bottom : 20px;}.fusion-builder-column-2 > .fusion-column-wrapper {padding-top : 0px !important;padding-right : 0px !important;margin-right : 3.84%;padding-bottom : 0px !important;padding-left : 0px !important;margin-left : 3.84%;}@media only screen and (max-width:1024px) {.fusion-body .fusion-builder-column-2{width:50% !important;order : 0;}.fusion-builder-column-2 > .fusion-column-wrapper {margin-right : 3.84%;margin-left : 3.84%;}}@media only screen and (max-width:640px) {.fusion-body .fusion-builder-column-2{width:100% !important;order : 0;}.fusion-builder-column-2 > .fusion-column-wrapper {margin-right : 1.92%;margin-left : 1.92%;}}<\/style><\/div><\/div><style type=\"text\/css\">.fusion-body .fusion-flex-container.fusion-builder-row-2{ padding-top : 0px;margin-top : 0px;padding-right : 0px;padding-bottom : 0px;margin-bottom : 0px;padding-left : 0px;}<\/style><\/div><div class=\"fusion-fullwidth fullwidth-box fusion-builder-row-3 fusion-flex-container nonhundred-percent-fullwidth non-hundred-percent-height-scrolling\" style=\"background-color: rgba(255,255,255,0);background-position: center center;background-repeat: no-repeat;border-width: 0px 0px 0px 0px;border-color:var(--awb-color3);border-style:solid;\" ><div class=\"fusion-builder-row fusion-row fusion-flex-align-items-flex-start\" style=\"max-width:1248px;margin-left: calc(-4% \/ 2 );margin-right: calc(-4% \/ 2 );\"><div class=\"fusion-layout-column fusion_builder_column fusion-builder-column-3 fusion_builder_column_1_1 1_1 fusion-flex-column\"><div class=\"fusion-column-wrapper fusion-flex-justify-content-flex-start fusion-content-layout-column\" style=\"background-position:left top;background-repeat:no-repeat;-webkit-background-size:cover;-moz-background-size:cover;-o-background-size:cover;background-size:cover;padding: 0px 0px 0px 0px;\"><div class=\"fusion-text fusion-text-3\"><h3>Vindima<\/h3>\n<p>A vindima \u00e9 manual, cuidada na selec\u00e7\u00e3o dos cachos e feita parcela a parcela, para que as uvas sejam colhidas no ponto \u00f3timo de matura\u00e7\u00e3o. Depois as uvas s\u00e3o transportadas em pequenas vasilhas para a adega e rapidamente processadas.<\/p>\n<p>As uvas das v\u00e1rias castas e parcelas s\u00e3o vinificadas em separado produzindo uma elevada diversidade de vinhos elementares. Estes podem ser engarrafados em separado como express\u00e3o m\u00e1xima de um determinado \u201cterroir\u201d, como podem ser lotados para produzirem vinhos de car\u00e1cter mais constante, respeitando a personalidade dos vinhos da quinta.<\/p>\n<\/div><\/div><style type=\"text\/css\">.fusion-body .fusion-builder-column-3{width:100% !important;margin-top : 0px;margin-bottom : 20px;}.fusion-builder-column-3 > .fusion-column-wrapper {padding-top : 0px !important;padding-right : 0px !important;margin-right : 1.92%;padding-bottom : 0px !important;padding-left : 0px !important;margin-left : 1.92%;}@media only screen and (max-width:1024px) {.fusion-body .fusion-builder-column-3{width:100% !important;order : 0;}.fusion-builder-column-3 > .fusion-column-wrapper {margin-right : 1.92%;margin-left : 1.92%;}}@media only screen and (max-width:640px) {.fusion-body .fusion-builder-column-3{width:100% !important;order : 0;}.fusion-builder-column-3 > .fusion-column-wrapper {margin-right : 1.92%;margin-left : 1.92%;}}<\/style><\/div><\/div><style type=\"text\/css\">.fusion-body .fusion-flex-container.fusion-builder-row-3{ padding-top : 0px;margin-top : 0px;padding-right : 0px;padding-bottom : 0px;margin-bottom : 0px;padding-left : 0px;}<\/style><\/div><div class=\"fusion-fullwidth fullwidth-box fusion-builder-row-4 fusion-flex-container nonhundred-percent-fullwidth non-hundred-percent-height-scrolling\" style=\"background-color: rgba(255,255,255,0);background-position: center center;background-repeat: no-repeat;border-width: 0px 0px 0px 0px;border-color:var(--awb-color3);border-style:solid;\" ><div class=\"fusion-builder-row fusion-row fusion-flex-align-items-flex-start\" style=\"max-width:1248px;margin-left: calc(-4% \/ 2 );margin-right: calc(-4% \/ 2 );\"><div class=\"fusion-layout-column fusion_builder_column fusion-builder-column-4 fusion_builder_column_1_1 1_1 fusion-flex-column\"><div class=\"fusion-column-wrapper fusion-flex-justify-content-flex-start fusion-content-layout-column\" style=\"background-position:left top;background-repeat:no-repeat;-webkit-background-size:cover;-moz-background-size:cover;-o-background-size:cover;background-size:cover;padding: 0px 0px 0px 0px;\"><style type=\"text\/css\">.fusion-gallery-1 .fusion-gallery-image {border:0px solid var(--awb-color3);}<\/style><div class=\"fusion-gallery fusion-gallery-container fusion-grid-2 fusion-columns-total-4 fusion-gallery-layout-masonry fusion-gallery-1\" style=\"margin:-5px;\"><div class=\"fusion-grid-column fusion-gallery-column fusion-gallery-column-2 hover-type-none fusion-grid-sizer\"><\/div><div style=\"padding:5px;\" class=\"fusion-grid-column fusion-gallery-column fusion-gallery-column-2 hover-type-none fusion-element-grid\"><div class=\"fusion-gallery-image\"><a href=\"https:\/\/www.ermizio.pt\/wp-content\/uploads\/2016\/09\/Vinhas-3-1.jpg\" rel=\"noreferrer\" data-rel=\"iLightbox[gallery_image_1]\" class=\"fusion-lightbox\" target=\"_self\"><div style=\"background-image:url(https:\/\/www.ermizio.pt\/wp-content\/uploads\/2016\/09\/Vinhas-3-1.jpg);padding-top:calc((100% + 10px) * 0.8 - 5px);background-position:;\" class=\"fusion-masonry-element-container\"><img decoding=\"async\" src=\"https:\/\/www.ermizio.pt\/wp-content\/uploads\/2016\/09\/Vinhas-3-1.jpg\" width=\"952\" height=\"768\" alt=\"\" title=\"Vinhas 3\" aria-label=\"Vinhas 3\" class=\"img-responsive wp-image-189\" srcset=\"https:\/\/www.ermizio.pt\/wp-content\/uploads\/2016\/09\/Vinhas-3-1-62x50.jpg 62w, https:\/\/www.ermizio.pt\/wp-content\/uploads\/2016\/09\/Vinhas-3-1-300x242.jpg 300w, https:\/\/www.ermizio.pt\/wp-content\/uploads\/2016\/09\/Vinhas-3-1-650x524.jpg 650w, https:\/\/www.ermizio.pt\/wp-content\/uploads\/2016\/09\/Vinhas-3-1-768x620.jpg 768w, https:\/\/www.ermizio.pt\/wp-content\/uploads\/2016\/09\/Vinhas-3-1.jpg 952w\" sizes=\"(max-width: 952px) 100vw, 952px\" \/><\/div><\/a><\/div><\/div><div style=\"padding:5px;\" class=\"fusion-grid-column fusion-gallery-column fusion-gallery-column-2 hover-type-none fusion-element-grid\"><div class=\"fusion-gallery-image\"><a href=\"https:\/\/www.ermizio.pt\/wp-content\/uploads\/2016\/09\/Vinhas-6-1.jpg\" rel=\"noreferrer\" data-rel=\"iLightbox[gallery_image_1]\" class=\"fusion-lightbox\" target=\"_self\"><div style=\"background-image:url(https:\/\/www.ermizio.pt\/wp-content\/uploads\/2016\/09\/Vinhas-6-1.jpg);padding-top:calc((100% + 10px) * 0.8 - 5px);background-position:;\" class=\"fusion-masonry-element-container\"><img decoding=\"async\" src=\"https:\/\/www.ermizio.pt\/wp-content\/uploads\/2016\/09\/Vinhas-6-1.jpg\" width=\"785\" height=\"768\" alt=\"\" title=\"Vinhas 6\" aria-label=\"Vinhas 6\" class=\"img-responsive wp-image-192\" srcset=\"https:\/\/www.ermizio.pt\/wp-content\/uploads\/2016\/09\/Vinhas-6-1-51x50.jpg 51w, https:\/\/www.ermizio.pt\/wp-content\/uploads\/2016\/09\/Vinhas-6-1-300x294.jpg 300w, https:\/\/www.ermizio.pt\/wp-content\/uploads\/2016\/09\/Vinhas-6-1-650x636.jpg 650w, https:\/\/www.ermizio.pt\/wp-content\/uploads\/2016\/09\/Vinhas-6-1-768x751.jpg 768w, https:\/\/www.ermizio.pt\/wp-content\/uploads\/2016\/09\/Vinhas-6-1.jpg 785w\" sizes=\"(max-width: 785px) 100vw, 785px\" \/><\/div><\/a><\/div><\/div><div style=\"padding:5px;\" class=\"fusion-grid-column fusion-gallery-column fusion-gallery-column-2 hover-type-none fusion-element-grid\"><div class=\"fusion-gallery-image\"><a href=\"https:\/\/www.ermizio.pt\/wp-content\/uploads\/2016\/09\/Vinhas-4-1.jpg\" rel=\"noreferrer\" data-rel=\"iLightbox[gallery_image_1]\" class=\"fusion-lightbox\" target=\"_self\"><div style=\"background-image:url(https:\/\/www.ermizio.pt\/wp-content\/uploads\/2016\/09\/Vinhas-4-1.jpg);padding-top:calc((100% + 10px) * 0.8 - 5px);background-position:;\" class=\"fusion-masonry-element-container\"><img decoding=\"async\" src=\"https:\/\/www.ermizio.pt\/wp-content\/uploads\/2016\/09\/Vinhas-4-1.jpg\" width=\"808\" height=\"768\" alt=\"\" title=\"Vinhas 4\" aria-label=\"Vinhas 4\" class=\"img-responsive wp-image-190\" srcset=\"https:\/\/www.ermizio.pt\/wp-content\/uploads\/2016\/09\/Vinhas-4-1-53x50.jpg 53w, https:\/\/www.ermizio.pt\/wp-content\/uploads\/2016\/09\/Vinhas-4-1-300x285.jpg 300w, https:\/\/www.ermizio.pt\/wp-content\/uploads\/2016\/09\/Vinhas-4-1-650x618.jpg 650w, https:\/\/www.ermizio.pt\/wp-content\/uploads\/2016\/09\/Vinhas-4-1-768x730.jpg 768w, https:\/\/www.ermizio.pt\/wp-content\/uploads\/2016\/09\/Vinhas-4-1.jpg 808w\" sizes=\"(max-width: 808px) 100vw, 808px\" \/><\/div><\/a><\/div><\/div><div style=\"padding:5px;\" class=\"fusion-grid-column fusion-gallery-column fusion-gallery-column-2 hover-type-none fusion-element-grid\"><div class=\"fusion-gallery-image\"><a href=\"https:\/\/www.ermizio.pt\/wp-content\/uploads\/2016\/09\/Vinhas-5-1.jpg\" rel=\"noreferrer\" data-rel=\"iLightbox[gallery_image_1]\" class=\"fusion-lightbox\" target=\"_self\"><div style=\"background-image:url(https:\/\/www.ermizio.pt\/wp-content\/uploads\/2016\/09\/Vinhas-5-1.jpg);padding-top:calc((100% + 10px) * 0.8 - 5px);background-position:;\" class=\"fusion-masonry-element-container\"><img decoding=\"async\" src=\"https:\/\/www.ermizio.pt\/wp-content\/uploads\/2016\/09\/Vinhas-5-1.jpg\" width=\"823\" height=\"768\" alt=\"\" title=\"Vinhas 5\" aria-label=\"Vinhas 5\" class=\"img-responsive wp-image-191\" srcset=\"https:\/\/www.ermizio.pt\/wp-content\/uploads\/2016\/09\/Vinhas-5-1-54x50.jpg 54w, https:\/\/www.ermizio.pt\/wp-content\/uploads\/2016\/09\/Vinhas-5-1-300x280.jpg 300w, https:\/\/www.ermizio.pt\/wp-content\/uploads\/2016\/09\/Vinhas-5-1-650x607.jpg 650w, https:\/\/www.ermizio.pt\/wp-content\/uploads\/2016\/09\/Vinhas-5-1-768x717.jpg 768w, https:\/\/www.ermizio.pt\/wp-content\/uploads\/2016\/09\/Vinhas-5-1.jpg 823w\" sizes=\"(max-width: 823px) 100vw, 823px\" \/><\/div><\/a><\/div><\/div><\/div><\/div><style type=\"text\/css\">.fusion-body .fusion-builder-column-4{width:100% !important;margin-top : 0px;margin-bottom : 20px;}.fusion-builder-column-4 > .fusion-column-wrapper {padding-top : 0px !important;padding-right : 0px !important;margin-right : 1.92%;padding-bottom : 0px !important;padding-left : 0px !important;margin-left : 1.92%;}@media only screen and (max-width:1024px) {.fusion-body .fusion-builder-column-4{width:100% !important;order : 0;}.fusion-builder-column-4 > .fusion-column-wrapper {margin-right : 1.92%;margin-left : 1.92%;}}@media only screen and (max-width:640px) {.fusion-body .fusion-builder-column-4{width:100% !important;order : 0;}.fusion-builder-column-4 > .fusion-column-wrapper {margin-right : 1.92%;margin-left : 1.92%;}}<\/style><\/div><\/div><style type=\"text\/css\">.fusion-body .fusion-flex-container.fusion-builder-row-4{ padding-top : 0px;margin-top : 0px;padding-right : 0px;padding-bottom : 0px;margin-bottom : 0px;padding-left : 0px;}<\/style><\/div><\/p>\n","protected":false},"excerpt":{"rendered":"","protected":false},"author":1,"featured_media":0,"parent":0,"menu_order":0,"comment_status":"closed","ping_status":"closed","template":"","meta":{"footnotes":""},"class_list":["post-692","page","type-page","status-publish","hentry"],"_links":{"self":[{"href":"https:\/\/www.ermizio.pt\/index.php\/wp-json\/wp\/v2\/pages\/692"}],"collection":[{"href":"https:\/\/www.ermizio.pt\/index.php\/wp-json\/wp\/v2\/pages"}],"about":[{"href":"https:\/\/www.ermizio.pt\/index.php\/wp-json\/wp\/v2\/types\/page"}],"author":[{"embeddable":true,"href":"https:\/\/www.ermizio.pt\/index.php\/wp-json\/wp\/v2\/users\/1"}],"replies":[{"embeddable":true,"href":"https:\/\/www.ermizio.pt\/index.php\/wp-json\/wp\/v2\/comments?post=692"}],"version-history":[{"count":10,"href":"https:\/\/www.ermizio.pt\/index.php\/wp-json\/wp\/v2\/pages\/692\/revisions"}],"predecessor-version":[{"id":857,"href":"https:\/\/www.ermizio.pt\/index.php\/wp-json\/wp\/v2\/pages\/692\/revisions\/857"}],"wp:attachment":[{"href":"https:\/\/www.ermizio.pt\/index.php\/wp-json\/wp\/v2\/media?parent=692"}],"curies":[{"name":"wp","href":"https:\/\/api.w.org\/{rel}","templated":true}]}}