{"id":863,"date":"2022-05-29T22:47:46","date_gmt":"2022-05-29T22:47:46","guid":{"rendered":"https:\/\/www.ermizio.pt\/?page_id=863"},"modified":"2022-06-07T15:16:53","modified_gmt":"2022-06-07T15:16:53","slug":"vinha-do-cuco","status":"publish","type":"page","link":"https:\/\/www.ermizio.pt\/index.php\/vinha-do-cuco\/","title":{"rendered":"VINHA DO CUCO"},"content":{"rendered":"<div class=\"fusion-fullwidth fullwidth-box fusion-builder-row-1 fusion-flex-container nonhundred-percent-fullwidth non-hundred-percent-height-scrolling\" style=\"background-color: rgba(255,255,255,0);background-position: center center;background-repeat: no-repeat;border-width: 0px 0px 0px 0px;border-color:var(--awb-color3);border-style:solid;\" ><div class=\"fusion-builder-row fusion-row fusion-flex-align-items-flex-start\" style=\"max-width:1248px;margin-left: calc(-4% \/ 2 );margin-right: calc(-4% \/ 2 );\"><div class=\"fusion-layout-column fusion_builder_column fusion-builder-column-0 fusion_builder_column_1_3 1_3 fusion-flex-column\"><div class=\"fusion-column-wrapper fusion-flex-justify-content-flex-start fusion-content-layout-column\" style=\"background-position:left top;background-repeat:no-repeat;-webkit-background-size:cover;-moz-background-size:cover;-o-background-size:cover;background-size:cover;padding: 0px 0px 0px 0px;\"><div ><style>.fusion-imageframe.imageframe-1{ margin-top : 50px;margin-bottom : 50px;}<\/style><span class=\" fusion-imageframe imageframe-none imageframe-1 hover-type-none\"><a href=\"http:\/\/www.ermizio.pt\/wp-content\/uploads\/2022\/06\/V.Cuco_.VRM_.2019.Fr_-300x226.jpg\" class=\"fusion-lightbox\" data-rel=\"iLightbox[fc70f937ece27457d76]\" data-title=\"V.Cuco.VRM.2019.Fr\" title=\"V.Cuco.VRM.2019.Fr\"><img decoding=\"async\" width=\"300\" height=\"226\" src=\"http:\/\/www.ermizio.pt\/wp-content\/uploads\/2022\/06\/V.Cuco_.VRM_.2019.Fr_-300x226.jpg\" alt class=\"img-responsive wp-image-1135\" srcset=\"https:\/\/www.ermizio.pt\/wp-content\/uploads\/2022\/06\/V.Cuco_.VRM_.2019.Fr_-200x151.jpg 200w, https:\/\/www.ermizio.pt\/wp-content\/uploads\/2022\/06\/V.Cuco_.VRM_.2019.Fr_-400x302.jpg 400w, https:\/\/www.ermizio.pt\/wp-content\/uploads\/2022\/06\/V.Cuco_.VRM_.2019.Fr_-600x453.jpg 600w, https:\/\/www.ermizio.pt\/wp-content\/uploads\/2022\/06\/V.Cuco_.VRM_.2019.Fr_-800x604.jpg 800w, https:\/\/www.ermizio.pt\/wp-content\/uploads\/2022\/06\/V.Cuco_.VRM_.2019.Fr_-1200x906.jpg 1200w, https:\/\/www.ermizio.pt\/wp-content\/uploads\/2022\/06\/V.Cuco_.VRM_.2019.Fr_.jpg 1346w\" sizes=\"(max-width: 640px) 100vw, 400px\" \/><\/a><\/span><\/div><div class=\"fusion-separator fusion-full-width-sep\" style=\"align-self: center;margin-left: auto;margin-right: auto;margin-top:50px;width:100%;\"><\/div><div ><style>.fusion-imageframe.imageframe-2{ margin-top : 50px;margin-bottom : 50px;}<\/style><span class=\" fusion-imageframe imageframe-none imageframe-2 hover-type-none\"><a href=\"http:\/\/www.ermizio.pt\/wp-content\/uploads\/2016\/09\/V.-Cuco.VRM_.2018.Verso_-300x271.jpg\" class=\"fusion-lightbox\" data-rel=\"iLightbox[f024974280ed4bc32cd]\" data-title=\"V. Cuco.VRM.2018.Verso\" title=\"V. Cuco.VRM.2018.Verso\"><img decoding=\"async\" width=\"300\" height=\"271\" src=\"http:\/\/www.ermizio.pt\/wp-content\/uploads\/2016\/09\/V.-Cuco.VRM_.2018.Verso_-300x271.jpg\" alt class=\"img-responsive wp-image-392\" srcset=\"https:\/\/www.ermizio.pt\/wp-content\/uploads\/2016\/09\/V.-Cuco.VRM_.2018.Verso_-55x50.jpg 55w, https:\/\/www.ermizio.pt\/wp-content\/uploads\/2016\/09\/V.-Cuco.VRM_.2018.Verso_-300x271.jpg 300w, https:\/\/www.ermizio.pt\/wp-content\/uploads\/2016\/09\/V.-Cuco.VRM_.2018.Verso_-650x586.jpg 650w, https:\/\/www.ermizio.pt\/wp-content\/uploads\/2016\/09\/V.-Cuco.VRM_.2018.Verso_-768x693.jpg 768w, https:\/\/www.ermizio.pt\/wp-content\/uploads\/2016\/09\/V.-Cuco.VRM_.2018.Verso_.jpg 969w\" sizes=\"(max-width: 300px) 100vw, 300px\" \/><\/a><\/span><\/div><\/div><style type=\"text\/css\">.fusion-body .fusion-builder-column-0{width:33.333333333333% !important;margin-top : 0px;margin-bottom : 20px;}.fusion-builder-column-0 > .fusion-column-wrapper {padding-top : 0px !important;padding-right : 0px !important;margin-right : 5.76%;padding-bottom : 0px !important;padding-left : 0px !important;margin-left : 5.76%;}@media only screen and (max-width:1024px) {.fusion-body .fusion-builder-column-0{width:33.333333333333% !important;order : 0;}.fusion-builder-column-0 > .fusion-column-wrapper {margin-right : 5.76%;margin-left : 5.76%;}}@media only screen and (max-width:640px) {.fusion-body .fusion-builder-column-0{width:100% !important;order : 0;}.fusion-builder-column-0 > .fusion-column-wrapper {margin-right : 1.92%;margin-left : 1.92%;}}<\/style><\/div><div class=\"fusion-layout-column fusion_builder_column fusion-builder-column-1 fusion_builder_column_2_3 2_3 fusion-flex-column\"><div class=\"fusion-column-wrapper fusion-flex-justify-content-flex-start fusion-content-layout-column\" style=\"background-position:left top;background-repeat:no-repeat;-webkit-background-size:cover;-moz-background-size:cover;-o-background-size:cover;background-size:cover;padding: 0px 0px 0px 0px;\"><div class=\"fusion-text fusion-text-1\"><h3>Vinha do Cuco, 2019<\/h3>\n<p>Alvarinho \u2013 Loureiro<br \/>\nVinho Regional Minho<\/p>\n<p>Conceito. Fazer um vinho, na regi\u00e3o dos vinhos verdes, com uvas maduras, vinificadas com enorme rigor, mas de forma minimalista, de maneira a que o vinho expresse as caracter\u00edsticas das castas e do local de produ\u00e7\u00e3o.<\/p>\n<p>A Colheita. O ano de 2018 teve um crescimento r\u00e1pido das videiras at\u00e9 ao final de julho. Agosto foi fresco, especialmente durante a noite, favorecendo uma matura\u00e7\u00e3o lenta, com boa acidez e desenvolvimento de aromas. Setembro foi quente e seco permitindo a matura\u00e7\u00e3o completa das uvas a sua colheita em tempo oportuno.<\/p>\n<p>Tecnologia. Esmagamento com desengace total das uvas, seguido de prensagem suave e decanta\u00e7\u00e3o natural durante 48 horas. Fermenta\u00e7\u00e3o a 18 \u00b0C, em cuba inox, seguida de trasfega. Filtra\u00e7\u00e3o apertada e engarrafamento com pouco sulfuroso.<\/p>\n<p>Notas de prova. \u00c9 um vinho cativante pelo aroma elegante e intenso. Surpreende na boca pela amplitude, frescura e persist\u00eancia arom\u00e1tica, que termina num final longo e macio, marcado pela mineralidade. A combina\u00e7\u00e3o de um nariz elegante com estrutura e complexidade na boca faz com o que vinho seja muito agrad\u00e1vel de beber..<\/p>\n<p>Perfil. Pode ser bebido jovem, mas como tem estrutura e acidez evolui muito bem em garrafa e costuma estar melhor ao fim de um ano.<\/p>\n<p>Como beber. Servir a 10 \u00b0C sem decanta\u00e7\u00e3o, para se apreciarem as muta\u00e7\u00f5es que o aroma sofre nos primeiros 15 minutos. \u00d3timo para acompanhar pratos pouco condimentados ou como aperitivo.<\/p>\n<p>Pr\u00e9mios. Concurso internacional \u201cAlbarinos al Mundo\u201d, Medalha de Prata na colheita de 2013 e Grande Medalha de Ouro na colheita de 2015. Sakura Wine Awards, Japan, Medalha de Prata na colheita de 2016<\/p>\n<p>Dados anal\u00edticos:<br \/>\n\u00c1lcool \u2013 12.5 % (vol.); pH \u2013 3.2<br \/>\nAcidez total \u2013 6.9 g\/L (\u00e1cido tart\u00e1rico.)<\/p>\n<p>Castas: Alvarinho (55%) e Loureiro (45%)<br \/>\nN\u00famero de garrafas: 10 000<\/p>\n<\/div><div class=\"fusion-text fusion-text-2\"><p><a href=\"http:\/\/www.ermizio.pt\/wp-content\/uploads\/2022\/06\/V.-Cuco-2019.Port_.pdf\" target=\"_blank\" rel=\"noopener\">Ficha T\u00e9cnica<\/a><\/p>\n<\/div><\/div><style type=\"text\/css\">.fusion-body .fusion-builder-column-1{width:66.666666666667% !important;margin-top : 0px;margin-bottom : 20px;}.fusion-builder-column-1 > .fusion-column-wrapper {padding-top : 0px !important;padding-right : 0px !important;margin-right : 2.88%;padding-bottom : 0px !important;padding-left : 0px !important;margin-left : 2.88%;}@media only screen and (max-width:1024px) {.fusion-body .fusion-builder-column-1{width:66.666666666667% !important;order : 0;}.fusion-builder-column-1 > .fusion-column-wrapper {margin-right : 2.88%;margin-left : 2.88%;}}@media only screen and (max-width:640px) {.fusion-body .fusion-builder-column-1{width:100% !important;order : 0;}.fusion-builder-column-1 > .fusion-column-wrapper {margin-right : 1.92%;margin-left : 1.92%;}}<\/style><\/div><\/div><style type=\"text\/css\">.fusion-body .fusion-flex-container.fusion-builder-row-1{ padding-top : 0px;margin-top : 0px;padding-right : 0px;padding-bottom : 0px;margin-bottom : 0px;padding-left : 0px;}<\/style><\/div>\n","protected":false},"excerpt":{"rendered":"","protected":false},"author":1,"featured_media":0,"parent":0,"menu_order":0,"comment_status":"closed","ping_status":"closed","template":"","meta":{"footnotes":""},"class_list":["post-863","page","type-page","status-publish","hentry"],"_links":{"self":[{"href":"https:\/\/www.ermizio.pt\/index.php\/wp-json\/wp\/v2\/pages\/863"}],"collection":[{"href":"https:\/\/www.ermizio.pt\/index.php\/wp-json\/wp\/v2\/pages"}],"about":[{"href":"https:\/\/www.ermizio.pt\/index.php\/wp-json\/wp\/v2\/types\/page"}],"author":[{"embeddable":true,"href":"https:\/\/www.ermizio.pt\/index.php\/wp-json\/wp\/v2\/users\/1"}],"replies":[{"embeddable":true,"href":"https:\/\/www.ermizio.pt\/index.php\/wp-json\/wp\/v2\/comments?post=863"}],"version-history":[{"count":12,"href":"https:\/\/www.ermizio.pt\/index.php\/wp-json\/wp\/v2\/pages\/863\/revisions"}],"predecessor-version":[{"id":1150,"href":"https:\/\/www.ermizio.pt\/index.php\/wp-json\/wp\/v2\/pages\/863\/revisions\/1150"}],"wp:attachment":[{"href":"https:\/\/www.ermizio.pt\/index.php\/wp-json\/wp\/v2\/media?parent=863"}],"curies":[{"name":"wp","href":"https:\/\/api.w.org\/{rel}","templated":true}]}}